{"id":3,"date":"2024-10-22T01:59:01","date_gmt":"2024-10-22T01:59:01","guid":{"rendered":"http:\/\/n3n.c83.mytemp.website\/?page_id=3"},"modified":"2025-06-12T11:30:32","modified_gmt":"2025-06-12T11:30:32","slug":"terms-conditions","status":"publish","type":"page","link":"https:\/\/elevantiasolutions.com\/es\/terms-conditions\/","title":{"rendered":"T\u00e9rminos y condiciones"},"content":{"rendered":"<div class=\"fusion-fullwidth fullwidth-box fusion-builder-row-1 fusion-flex-container nonhundred-percent-fullwidth non-hundred-percent-height-scrolling\" style=\"--awb-border-radius-top-left:0px;--awb-border-radius-top-right:0px;--awb-border-radius-bottom-right:0px;--awb-border-radius-bottom-left:0px;--awb-flex-wrap:wrap;\" ><div class=\"fusion-builder-row fusion-row fusion-flex-align-items-flex-start fusion-flex-content-wrap\" style=\"max-width:1372.8px;margin-left: calc(-4% \/ 2 );margin-right: calc(-4% \/ 2 );\"><div class=\"fusion-layout-column fusion_builder_column fusion-builder-column-0 fusion_builder_column_1_1 1_1 fusion-flex-column\" style=\"--awb-bg-size:cover;--awb-width-large:100%;--awb-margin-top-large:35px;--awb-spacing-right-large:1.92%;--awb-margin-bottom-large:35px;--awb-spacing-left-large:1.92%;--awb-width-medium:100%;--awb-spacing-right-medium:1.92%;--awb-spacing-left-medium:1.92%;--awb-width-small:100%;--awb-spacing-right-small:1.92%;--awb-spacing-left-small:1.92%;\"><div class=\"fusion-column-wrapper fusion-flex-justify-content-flex-start fusion-content-layout-column\"><div class=\"fusion-text fusion-text-1\"><\/p>\n<p>Bienvenido a Elevantia Solutions. Al acceder o utilizar nuestro sitio web y servicios, aceptas estar sujeto a los siguientes T\u00e9rminos y Condiciones. Por favor, lee estos t\u00e9rminos cuidadosamente, ya que describen tus derechos y obligaciones al usar nuestro sitio web.<\/p>\n<p><strong>1. Aceptaci\u00f3n de los T\u00e9rminos<\/strong><br>Al acceder o utilizar nuestros servicios, confirmas que aceptas estos t\u00e9rminos y te comprometes a cumplirlos. Si no est\u00e1s de acuerdo con estos t\u00e9rminos, por favor abstente de utilizar nuestros servicios y sitio web.<\/p>\n<p><strong>2. Servicios Proporcionados<\/strong><br>Elevantia Solutions ofrece servicios de marketing digital, dise\u00f1o de sonrisas, consultor\u00eda empresarial, dise\u00f1o web y estrategias de generaci\u00f3n de leads para ayudar a los negocios a prosperar en el \u00e1mbito digital. Los t\u00e9rminos espec\u00edficos de los servicios se acordar\u00e1n por separado entre Elevantia Solutions y el cliente.<\/p>\n<p><strong>3. Uso del Sitio Web<\/strong><br>Te comprometes a utilizar nuestro sitio web solo para fines legales. No podr\u00e1s usar nuestro sitio de manera que pueda da\u00f1ar, deshabilitar, sobrecargar o perjudicar el funcionamiento del sitio ni interferir con el uso de otras personas.<\/p>\n<p><strong>4. Derechos de Propiedad Intelectual<\/strong><br>Todo el contenido de este sitio web, incluyendo pero no limitado a texto, gr\u00e1ficos, logotipos, im\u00e1genes y software, es propiedad de Elevantia Solutions o nuestros licenciantes y est\u00e1 protegido por las leyes internacionales de derechos de autor y marcas registradas. Queda prohibida la reproducci\u00f3n o uso no autorizado de cualquier contenido de nuestro sitio.<\/p>\n<p><strong>5. Env\u00edo de Contenido<\/strong><br>Si env\u00edas contenido a Elevantia Solutions, como im\u00e1genes, logotipos u otros medios, nos otorgas una licencia no exclusiva, libre de regal\u00edas, perpetua e irrevocable para usar, reproducir, modificar, adaptar y publicar dicho contenido en relaci\u00f3n con los servicios que ofrecemos.<\/p>\n<p><strong>6. Uso de Fotos de Pacientes<\/strong><br>Cuando nos proporcionas fotos de pacientes para dise\u00f1o de sonrisas digitales u otros servicios, aceptas que podamos usar estas im\u00e1genes para fines de portafolio, incluyendo la exhibici\u00f3n de nuestros tratamientos digitales en nuestro sitio web, redes sociales y materiales de marketing. Nos comprometemos a manejar estas im\u00e1genes conforme al GDPR y otras leyes de protecci\u00f3n de datos aplicables para garantizar la confidencialidad y privacidad de los pacientes.<\/p>\n<p><strong>7. Privacidad y Protecci\u00f3n de Datos (Cumplimiento con el GDPR)<\/strong> (GDPR Compliance)<br>Elevantia Solutions est\u00e1 comprometido con la protecci\u00f3n de tu privacidad y el manejo responsable de tus datos personales, cumpliendo con el Reglamento General de Protecci\u00f3n de Datos (GDPR) donde sea aplicable. Al utilizar nuestros servicios, consientes el procesamiento de tus datos como se describe en nuestra Pol\u00edtica de Privacidad, incluyendo la recopilaci\u00f3n, uso y retenci\u00f3n de los datos personales necesarios para cumplir con nuestros servicios.<\/p>\n<p>Para m\u00e1s detalles sobre tus derechos bajo el GDPR y nuestras pr\u00e1cticas de protecci\u00f3n de datos, por favor revisa nuestra Pol\u00edtica de Privacidad. Puedes contactarnos para:<\/p>\n<p>\u2013 Acceder a los datos personales que tenemos sobre ti<br>\u2013 Solicitar la correcci\u00f3n de datos incorrectos<br>\u2013 Solicitar la eliminaci\u00f3n o restricci\u00f3n del procesamiento de tus datos donde sea aplicable<\/p>\n<p><strong>8. Limitaci\u00f3n de Responsabilidad<\/strong><br>En la medida m\u00e1xima permitida por la ley, Elevantia Solutions y sus afiliados, directores, empleados o agentes no ser\u00e1n responsables por p\u00e9rdidas o da\u00f1os directos, indirectos o consecuentes derivados del uso de nuestro sitio web o servicios.<\/p>\n<p><strong>9. Cambios en los T\u00e9rminos<\/strong><br>Elevantia Solutions podr\u00e1 revisar estos T\u00e9rminos y Condiciones de vez en cuando. Publicaremos actualizaciones en esta p\u00e1gina, y el uso continuado de nuestros servicios constituye tu aceptaci\u00f3n de los t\u00e9rminos revisados.<\/p><\/p>\n<\/div><\/div><\/div><\/div><\/div>","protected":false},"excerpt":{"rendered":"","protected":false},"author":3,"featured_media":0,"parent":0,"menu_order":0,"comment_status":"closed","ping_status":"closed","template":"","meta":{"content-type":"","footnotes":""},"class_list":["post-3","page","type-page","status-publish","hentry"],"_links":{"self":[{"href":"https:\/\/elevantiasolutions.com\/es\/wp-json\/wp\/v2\/pages\/3","targetHints":{"allow":["GET"]}}],"collection":[{"href":"https:\/\/elevantiasolutions.com\/es\/wp-json\/wp\/v2\/pages"}],"about":[{"href":"https:\/\/elevantiasolutions.com\/es\/wp-json\/wp\/v2\/types\/page"}],"author":[{"embeddable":true,"href":"https:\/\/elevantiasolutions.com\/es\/wp-json\/wp\/v2\/users\/3"}],"replies":[{"embeddable":true,"href":"https:\/\/elevantiasolutions.com\/es\/wp-json\/wp\/v2\/comments?post=3"}],"version-history":[{"count":1,"href":"https:\/\/elevantiasolutions.com\/es\/wp-json\/wp\/v2\/pages\/3\/revisions"}],"predecessor-version":[{"id":10464,"href":"https:\/\/elevantiasolutions.com\/es\/wp-json\/wp\/v2\/pages\/3\/revisions\/10464"}],"wp:attachment":[{"href":"https:\/\/elevantiasolutions.com\/es\/wp-json\/wp\/v2\/media?parent=3"}],"curies":[{"name":"wp","href":"https:\/\/api.w.org\/{rel}","templated":true}]}}