{"id":9211,"date":"2024-11-11T11:24:38","date_gmt":"2024-11-11T11:24:38","guid":{"rendered":"https:\/\/elevantiasolutions.com\/?page_id=9211"},"modified":"2025-06-12T11:11:49","modified_gmt":"2025-06-12T11:11:49","slug":"privacy-policy","status":"publish","type":"page","link":"https:\/\/elevantiasolutions.com\/es\/privacy-policy\/","title":{"rendered":"Pol\u00edtica de Cookies"},"content":{"rendered":"<div class=\"fusion-fullwidth fullwidth-box fusion-builder-row-1 fusion-flex-container nonhundred-percent-fullwidth non-hundred-percent-height-scrolling\" style=\"--awb-border-radius-top-left:0px;--awb-border-radius-top-right:0px;--awb-border-radius-bottom-right:0px;--awb-border-radius-bottom-left:0px;--awb-flex-wrap:wrap;\" ><div class=\"fusion-builder-row fusion-row fusion-flex-align-items-flex-start fusion-flex-content-wrap\" style=\"max-width:1372.8px;margin-left: calc(-4% \/ 2 );margin-right: calc(-4% \/ 2 );\"><div class=\"fusion-layout-column fusion_builder_column fusion-builder-column-0 fusion_builder_column_1_1 1_1 fusion-flex-column\" style=\"--awb-bg-size:cover;--awb-width-large:100%;--awb-margin-top-large:35px;--awb-spacing-right-large:1.92%;--awb-margin-bottom-large:0px;--awb-spacing-left-large:1.92%;--awb-width-medium:100%;--awb-spacing-right-medium:1.92%;--awb-spacing-left-medium:1.92%;--awb-width-small:100%;--awb-spacing-right-small:1.92%;--awb-spacing-left-small:1.92%;\"><div class=\"fusion-column-wrapper fusion-flex-justify-content-flex-start fusion-content-layout-column\"><div class=\"fusion-text fusion-text-1\"><\/p>\n<p><strong>1. Introducci\u00f3n<\/strong><br>Elevantia Solutions utiliza cookies y tecnolog\u00edas similares en nuestro sitio web para garantizar una experiencia de usuario fluida y personalizada, conforme a los requisitos del GDPR cuando sea aplicable.<\/p>\n<p><strong>2. \u00bfQu\u00e9 Son las Cookies?<\/strong><br>Las cookies son peque\u00f1os archivos de datos que un sitio web almacena en tu dispositivo cuando lo visitas. Estos archivos ayudan a recordar tus preferencias, mejorar la funcionalidad y analizar el comportamiento del usuario.<\/p>\n<p><strong>3. C\u00f3mo Utiliza Elevantia Solutions las Cookies<\/strong><br>Utilizamos cookies para:<\/p>\n<p>\u2013 Mejorar la funcionalidad del sitio web: Recordar tus preferencias y configuraciones.<br>\u2013 Analizar el uso del sitio web: Entender c\u00f3mo los visitantes interact\u00faan con nuestro sitio, ayud\u00e1ndonos a mejorar el rendimiento y la experiencia del usuario.<br>\u2013 Proporcionar publicidad relevante: Ofrecer contenido y anuncios personalizados seg\u00fan tus intereses.<\/p>\n<p><strong>4. Tipos de Cookies que Usamos<\/strong><br>\u2013 Cookies esenciales: Son necesarias para las funciones b\u00e1sicas del sitio web y la seguridad.<br>\u2013 Cookies de an\u00e1lisis: Recopilan informaci\u00f3n sobre c\u00f3mo los visitantes usan nuestro sitio, lo que nos permite mejorar la funcionalidad.<br>\u2013 Cookies de publicidad: Nos permiten ofrecer anuncios personalizados basados en tus intereses.<\/p>\n<p><strong>5. Cumplimiento con el GDPR y Consentimiento de Cookies<\/strong><br>Conforme al GDPR, Elevantia Solutions requiere tu consentimiento para almacenar cookies no esenciales en tu dispositivo. Al visitar nuestro sitio web, tendr\u00e1s la opci\u00f3n de aceptar o gestionar tus preferencias de cookies. Puedes retirar tu consentimiento o modificar la configuraci\u00f3n de cookies en cualquier momento.<\/p>\n<p><strong>6. Gesti\u00f3n de Cookies<\/strong><br>Puedes controlar y gestionar las cookies a trav\u00e9s de la configuraci\u00f3n de tu navegador. Ten en cuenta que deshabilitar ciertas cookies puede afectar tu experiencia en el sitio web y limitar el acceso a algunas funciones.<\/p>\n<p>&#8212;<\/p><\/p>\n<\/div><\/div><\/div><\/div><\/div>","protected":false},"excerpt":{"rendered":"","protected":false},"author":3,"featured_media":0,"parent":0,"menu_order":0,"comment_status":"closed","ping_status":"closed","template":"","meta":{"content-type":"","footnotes":""},"class_list":["post-9211","page","type-page","status-publish","hentry"],"_links":{"self":[{"href":"https:\/\/elevantiasolutions.com\/es\/wp-json\/wp\/v2\/pages\/9211","targetHints":{"allow":["GET"]}}],"collection":[{"href":"https:\/\/elevantiasolutions.com\/es\/wp-json\/wp\/v2\/pages"}],"about":[{"href":"https:\/\/elevantiasolutions.com\/es\/wp-json\/wp\/v2\/types\/page"}],"author":[{"embeddable":true,"href":"https:\/\/elevantiasolutions.com\/es\/wp-json\/wp\/v2\/users\/3"}],"replies":[{"embeddable":true,"href":"https:\/\/elevantiasolutions.com\/es\/wp-json\/wp\/v2\/comments?post=9211"}],"version-history":[{"count":1,"href":"https:\/\/elevantiasolutions.com\/es\/wp-json\/wp\/v2\/pages\/9211\/revisions"}],"predecessor-version":[{"id":10461,"href":"https:\/\/elevantiasolutions.com\/es\/wp-json\/wp\/v2\/pages\/9211\/revisions\/10461"}],"wp:attachment":[{"href":"https:\/\/elevantiasolutions.com\/es\/wp-json\/wp\/v2\/media?parent=9211"}],"curies":[{"name":"wp","href":"https:\/\/api.w.org\/{rel}","templated":true}]}}